{"id":2,"date":"2025-01-23T09:03:47","date_gmt":"2025-01-23T09:03:47","guid":{"rendered":"https:\/\/www.fundmgmbh.de\/?page_id=2"},"modified":"2025-01-28T12:59:29","modified_gmt":"2025-01-28T12:59:29","slug":"sample-page","status":"publish","type":"page","link":"https:\/\/fundmgmbh.de\/?page_id=2","title":{"rendered":"Unternehmen"},"content":{"rendered":"<p><strong>F&amp;M Garten- &amp; Baudienstleistungen GmbH \u2013 Ihr Experte f\u00fcr Garten, Bau und Sanierung in Frankfurt<\/strong><\/p>\n<p><em>Seit vielen Jahren sind wir Ihr zuverl\u00e4ssiger Partner f\u00fcr alle Arbeiten rund um Ihren Au\u00dfenbereich und Ihr Geb\u00e4ude.<\/em><br \/>\n<em>Mit unserer langj\u00e4hrigen Erfahrung und unserem breiten Leistungsspektrum bieten wir Ihnen umfassende L\u00f6sungen aus einer Hand.<\/em><\/p>\n<p><strong>Unsere Leistungen f\u00fcr Sie:<\/strong><\/p>\n<p><strong>Garten- und Landschaftsbau:<\/strong> Von der individuellen Gartengestaltung \u00fcber die professionelle Pflege bis hin zur Neuanlage von G\u00e4rten \u2013 wir verwandeln Ihre Au\u00dfenfl\u00e4chen in gr\u00fcne Oasen.<br \/>\n<strong>Gr\u00fcnpflege:<\/strong> Regelm\u00e4\u00dfige Pflegema\u00dfnahmen wie M\u00e4hen, Hecken schneiden, Unkraut j\u00e4ten und D\u00fcngen sorgen f\u00fcr einen gepflegten Garten das ganze Jahr \u00fcber.<br \/>\n<strong>Gestaltung von Au\u00dfenanlagen:<\/strong> Wir planen und gestalten Ihre Au\u00dfenanlagen nach Ihren individuellen W\u00fcnschen. Ob Terrasse, Wege, Beete oder Teiche \u2013 wir schaffen Ihren pers\u00f6nlichen Wohlf\u00fchlbereich.<\/p>\n<p><strong>Unsere Bauleistungen:<\/strong><br \/>\n<strong>Altbausanierung:<\/strong> Wir f\u00fchren fachgerechte Altbausanierungen durch und verleihen Ihren R\u00e4umen neuen Glanz.<br \/>\n<strong>Entkernung:<\/strong> Schnelle und effiziente Entkernung von Geb\u00e4uden und R\u00e4umen.<br \/>\n<strong>Abbruch:<\/strong> Sicherer und umweltfreundlicher Abbruch von Bauwerken.<br \/>\n<strong>Kellersanierung:<\/strong> Trockene Keller durch professionelle Sanierung.<\/p>\n<p><strong>Warum F&amp;M Garten- &amp; Baudienstleitungen GmbH?\u00a0<\/strong><br \/>\nLangj\u00e4hrige Erfahrung: Profitieren Sie von unserem Know-how und unserer Expertise.<br \/>\nSpezialisierte Mitarbeiter: Unser Team besteht aus hochqualifizierten Fachkr\u00e4ften f\u00fcr Garten- und Landschaftsbau sowie Baudienstleistungen.<br \/>\nIndividuelle L\u00f6sungen: Wir entwickeln ma\u00dfgeschneiderte Konzepte f\u00fcr Ihre Projekte.<br \/>\nQualit\u00e4tsarbeit: Wir legen gro\u00dfen Wert auf eine sorgf\u00e4ltige Ausf\u00fchrung und verwenden ausschlie\u00dflich hochwertige Materialien.<br \/>\nZuverl\u00e4ssigkeit: Wir halten Termine ein und informieren Sie stets \u00fcber den Fortschritt der Arbeiten.<\/p>\n<p><strong>Rufen Sie uns an! 069\/ 310 464 56<\/strong><\/p>\n","protected":false},"excerpt":{"rendered":"<p>F&amp;M Garten- &amp; Baudienstleistungen GmbH \u2013 Ihr Experte f\u00fcr Garten, Bau und Sanierung in Frankfurt Seit vielen Jahren sind wir Ihr zuverl\u00e4ssiger Partner f\u00fcr alle Arbeiten rund um Ihren Au\u00dfenbereich und Ihr Geb\u00e4ude. Mit unserer langj\u00e4hrigen Erfahrung und unserem breiten Leistungsspektrum bieten wir Ihnen umfassende L\u00f6sungen aus einer Hand. Unsere Leistungen f\u00fcr Sie: Garten- und [&hellip;]<\/p>\n","protected":false},"author":1,"featured_media":0,"parent":0,"menu_order":0,"comment_status":"closed","ping_status":"open","template":"templates\/template-page-full-width.php","meta":{"footnotes":""},"class_list":["post-2","page","type-page","status-publish","hentry"],"_links":{"self":[{"href":"https:\/\/fundmgmbh.de\/index.php?rest_route=\/wp\/v2\/pages\/2","targetHints":{"allow":["GET"]}}],"collection":[{"href":"https:\/\/fundmgmbh.de\/index.php?rest_route=\/wp\/v2\/pages"}],"about":[{"href":"https:\/\/fundmgmbh.de\/index.php?rest_route=\/wp\/v2\/types\/page"}],"author":[{"embeddable":true,"href":"https:\/\/fundmgmbh.de\/index.php?rest_route=\/wp\/v2\/users\/1"}],"replies":[{"embeddable":true,"href":"https:\/\/fundmgmbh.de\/index.php?rest_route=%2Fwp%2Fv2%2Fcomments&post=2"}],"version-history":[{"count":3,"href":"https:\/\/fundmgmbh.de\/index.php?rest_route=\/wp\/v2\/pages\/2\/revisions"}],"predecessor-version":[{"id":140,"href":"https:\/\/fundmgmbh.de\/index.php?rest_route=\/wp\/v2\/pages\/2\/revisions\/140"}],"wp:attachment":[{"href":"https:\/\/fundmgmbh.de\/index.php?rest_route=%2Fwp%2Fv2%2Fmedia&parent=2"}],"curies":[{"name":"wp","href":"https:\/\/api.w.org\/{rel}","templated":true}]}}