{"id":35,"date":"2025-01-23T13:11:04","date_gmt":"2025-01-23T13:11:04","guid":{"rendered":"https:\/\/fundmgmbh.de\/?page_id=35"},"modified":"2025-01-28T12:52:06","modified_gmt":"2025-01-28T12:52:06","slug":"abbrucharbeiten","status":"publish","type":"page","link":"https:\/\/fundmgmbh.de\/?page_id=35","title":{"rendered":"Abbrucharbeiten"},"content":{"rendered":"<p><em><strong>Abbrucharbeiten: Die Kunst des Abrisses<\/strong><\/em><\/p>\n<p>Abbrucharbeiten sind ein wichtiger Bestandteil des Bauprozesses. Sie werden durchgef\u00fchrt, um alte Geb\u00e4ude oder andere Strukturen zu entfernen, um Platz f\u00fcr neue Entwicklungen zu schaffen. Abbrucharbeiten k\u00f6nnen auch durchgef\u00fchrt werden, um Geb\u00e4ude zu renovieren oder zu modernisieren.<\/p>\n<p><strong>Was sind Abbrucharbeiten?<\/strong><\/p>\n<p>Abbrucharbeiten sind der Prozess des Abrisses eines Geb\u00e4udes oder einer anderen Struktur. Dies kann durch manuelle Methoden oder mit Maschinen erfolgen. Manuelle Abbrucharbeiten werden in der Regel f\u00fcr kleinere Geb\u00e4ude oder Strukturen durchgef\u00fchrt. Maschinenabbruch wird f\u00fcr gr\u00f6\u00dfere Geb\u00e4ude oder Strukturen verwendet.<\/p>\n<p><strong>Wie werden Abbrucharbeiten durchgef\u00fchrt?<\/strong><\/p>\n<p>Abbrucharbeiten werden in der Regel in folgenden Schritten durchgef\u00fchrt:<\/p>\n<p>Vorbereitung: Der Abbruchort wird vorbereitet, indem alle Versorgungsleitungen wie Strom, Wasser und Gas abgeschaltet werden.<br \/>\nEntfernung von gef\u00e4hrlichen Materialien: Asbest und andere gef\u00e4hrliche Materialien werden entfernt.<br \/>\nEntfernung von Innenw\u00e4nden und Decken: Die Innenw\u00e4nde und Decken des Geb\u00e4udes werden entfernt.<br \/>\nEntfernung von Au\u00dfenw\u00e4nden: Die Au\u00dfenw\u00e4nde des Geb\u00e4udes werden entfernt.<br \/>\nEntfernung des Fundaments: Das Fundament des Geb\u00e4udes wird entfernt.<br \/>\nEntsorgung von Abf\u00e4llen: Die Abf\u00e4lle werden entsorgt.<br \/>\nSicherheit bei Abbrucharbeiten<\/p>\n<p>Abbrucharbeiten sind eine gef\u00e4hrliche T\u00e4tigkeit. Es ist wichtig, dass alle Arbeiter die richtige Schutzausr\u00fcstung tragen und dass die Abbrucharbeiten sicher durchgef\u00fchrt werden.<\/p>\n<p><strong>Vorteile von Abbrucharbeiten<\/strong><\/p>\n<p>Schaffung von Platz f\u00fcr neue Entwicklungen: Abbrucharbeiten k\u00f6nnen Platz f\u00fcr neue Wohnungen, Gesch\u00e4fte und B\u00fcros schaffen.<br \/>\nVerbesserung der Sicherheit: Abbruch von alten und bauf\u00e4lligen Geb\u00e4uden kann die Sicherheit verbessern.<br \/>\nErh\u00f6hung des Immobilienwerts: Abbrucharbeiten k\u00f6nnen den Wert einer Immobilie erh\u00f6hen.<br \/>\nNachteile von Abbrucharbeiten<\/p>\n<p>L\u00e4rm und Staub: Abbrucharbeiten k\u00f6nnen L\u00e4rm und Staub verursachen, was zu Bel\u00e4stigungen f\u00fcr Anwohner f\u00fchren kann.<br \/>\nUmweltbelastung: Abbrucharbeiten k\u00f6nnen Abf\u00e4lle erzeugen, die die Umwelt belasten k\u00f6nnen.<br \/>\nKosten: Abbrucharbeiten k\u00f6nnen teuer sein.<\/p>\n<p>Fazit<\/p>\n<p>Abbrucharbeiten sind ein wichtiger Bestandteil des Bauprozesses. Sie k\u00f6nnen sowohl Vorteile als auch Nachteile haben. Es ist wichtig, dass Abbrucharbeiten sicher und umweltfreundlich durchgef\u00fchrt werden.<\/p>\n<p>&nbsp;<\/p>\n<p><strong>Rufen Sie uns an! 069\/ 310 464 56<\/strong><\/p>\n","protected":false},"excerpt":{"rendered":"<p>Abbrucharbeiten: Die Kunst des Abrisses Abbrucharbeiten sind ein wichtiger Bestandteil des Bauprozesses. Sie werden durchgef\u00fchrt, um alte Geb\u00e4ude oder andere Strukturen zu entfernen, um Platz f\u00fcr neue Entwicklungen zu schaffen. Abbrucharbeiten k\u00f6nnen auch durchgef\u00fchrt werden, um Geb\u00e4ude zu renovieren oder zu modernisieren. Was sind Abbrucharbeiten? Abbrucharbeiten sind der Prozess des Abrisses eines Geb\u00e4udes oder einer [&hellip;]<\/p>\n","protected":false},"author":1,"featured_media":0,"parent":0,"menu_order":0,"comment_status":"closed","ping_status":"closed","template":"templates\/template-page-full-width.php","meta":{"footnotes":""},"class_list":["post-35","page","type-page","status-publish","hentry"],"_links":{"self":[{"href":"https:\/\/fundmgmbh.de\/index.php?rest_route=\/wp\/v2\/pages\/35","targetHints":{"allow":["GET"]}}],"collection":[{"href":"https:\/\/fundmgmbh.de\/index.php?rest_route=\/wp\/v2\/pages"}],"about":[{"href":"https:\/\/fundmgmbh.de\/index.php?rest_route=\/wp\/v2\/types\/page"}],"author":[{"embeddable":true,"href":"https:\/\/fundmgmbh.de\/index.php?rest_route=\/wp\/v2\/users\/1"}],"replies":[{"embeddable":true,"href":"https:\/\/fundmgmbh.de\/index.php?rest_route=%2Fwp%2Fv2%2Fcomments&post=35"}],"version-history":[{"count":2,"href":"https:\/\/fundmgmbh.de\/index.php?rest_route=\/wp\/v2\/pages\/35\/revisions"}],"predecessor-version":[{"id":133,"href":"https:\/\/fundmgmbh.de\/index.php?rest_route=\/wp\/v2\/pages\/35\/revisions\/133"}],"wp:attachment":[{"href":"https:\/\/fundmgmbh.de\/index.php?rest_route=%2Fwp%2Fv2%2Fmedia&parent=35"}],"curies":[{"name":"wp","href":"https:\/\/api.w.org\/{rel}","templated":true}]}}